{"id":9997,"date":"2023-08-07T13:38:58","date_gmt":"2023-08-07T20:38:58","guid":{"rendered":"https:\/\/bazardeltornero.com\/wp\/?post_type=product&#038;p=9997"},"modified":"2026-04-01T15:56:48","modified_gmt":"2026-04-01T22:56:48","slug":"2-insertos-gen3sys-xt-20-mm-c1-am300","status":"publish","type":"product","link":"https:\/\/bazardeltornero.com\/wp\/product\/2-insertos-gen3sys-xt-20-mm-c1-am300\/","title":{"rendered":"inserto GEN3SYS XT 20 mm C1 AM300 Allied Machine"},"content":{"rendered":"<p>Caracter\u00edsticas generales:<\/p>\n<p>\u2022 Proporciona excelente control de virutas, durabilidad mejorada y estabilidad agregada.<br \/>\n\u2022 Incrementa las velocidades de penetraci\u00f3n y la vida de la herramienta.<br \/>\n\u2022 Reduce el costo por barreno.<\/p>\n","protected":false},"excerpt":{"rendered":"<p>Inserto de carburo GEN3SYS XT de 20 mm de di\u00e1metro, serie #20, de grado C1(K35), geometr\u00eda de baja inclinaci\u00f3n, con recubrimiento AM300<\/p>\n","protected":false},"featured_media":9999,"comment_status":"closed","ping_status":"closed","template":"","meta":{"site-sidebar-layout":"default","site-content-layout":"default","ast-site-content-layout":"default","site-content-style":"default","site-sidebar-style":"default","ast-global-header-display":"","ast-banner-title-visibility":"","ast-main-header-display":"","ast-hfb-above-header-display":"","ast-hfb-below-header-display":"","ast-hfb-mobile-header-display":"","site-post-title":"","ast-breadcrumbs-content":"","ast-featured-img":"","footer-sml-layout":"","ast-disable-related-posts":"","theme-transparent-header-meta":"default","adv-header-id-meta":"","stick-header-meta":"default","header-above-stick-meta":"","header-main-stick-meta":"","header-below-stick-meta":"","astra-migrate-meta-layouts":"default","ast-page-background-enabled":"default","ast-page-background-meta":{"desktop":{"background-color":"","background-image":"","background-repeat":"repeat","background-position":"center center","background-size":"auto","background-attachment":"scroll","background-type":"","background-media":"","overlay-type":"","overlay-color":"","overlay-opacity":"","overlay-gradient":""},"tablet":{"background-color":"","background-image":"","background-repeat":"repeat","background-position":"center center","background-size":"auto","background-attachment":"scroll","background-type":"","background-media":"","overlay-type":"","overlay-color":"","overlay-opacity":"","overlay-gradient":""},"mobile":{"background-color":"","background-image":"","background-repeat":"repeat","background-position":"center center","background-size":"auto","background-attachment":"scroll","background-type":"","background-media":"","overlay-type":"","overlay-color":"","overlay-opacity":"","overlay-gradient":""}},"ast-content-background-meta":{"desktop":{"background-color":"var(--ast-global-color-5)","background-image":"","background-repeat":"repeat","background-position":"center center","background-size":"auto","background-attachment":"scroll","background-type":"","background-media":"","overlay-type":"","overlay-color":"","overlay-opacity":"","overlay-gradient":""},"tablet":{"background-color":"var(--ast-global-color-5)","background-image":"","background-repeat":"repeat","background-position":"center center","background-size":"auto","background-attachment":"scroll","background-type":"","background-media":"","overlay-type":"","overlay-color":"","overlay-opacity":"","overlay-gradient":""},"mobile":{"background-color":"var(--ast-global-color-5)","background-image":"","background-repeat":"repeat","background-position":"center center","background-size":"auto","background-attachment":"scroll","background-type":"","background-media":"","overlay-type":"","overlay-color":"","overlay-opacity":"","overlay-gradient":""}}},"product_brand":[],"product_cat":[86],"product_tag":[415],"class_list":{"0":"post-9997","1":"product","2":"type-product","3":"status-publish","4":"has-post-thumbnail","6":"product_cat-insertos","7":"product_tag-inserto","8":"desktop-align-center","9":"tablet-align-center","10":"mobile-align-center","12":"first","13":"outofstock","14":"taxable","15":"shipping-taxable","16":"purchasable","17":"product-type-simple"},"yoast_head":"<!-- This site is optimized with the Yoast SEO plugin v27.3 - https:\/\/yoast.com\/product\/yoast-seo-wordpress\/ -->\n<title>inserto GEN3SYS XT 20 mm C1 AM300 Allied Machine - Herramientas a los mejores precios<\/title>\n<meta name=\"robots\" content=\"index, follow, max-snippet:-1, max-image-preview:large, max-video-preview:-1\" \/>\n<link rel=\"canonical\" href=\"https:\/\/bazardeltornero.com\/wp\/product\/2-insertos-gen3sys-xt-20-mm-c1-am300\/\" \/>\n<meta property=\"og:locale\" content=\"es_ES\" \/>\n<meta property=\"og:type\" content=\"article\" \/>\n<meta property=\"og:title\" content=\"inserto GEN3SYS XT 20 mm C1 AM300 Allied Machine - Herramientas a los mejores precios\" \/>\n<meta property=\"og:description\" content=\"Inserto de carburo GEN3SYS XT de 20 mm de di\u00e1metro, serie #20, de grado C1(K35), geometr\u00eda de baja inclinaci\u00f3n, con recubrimiento AM300\" \/>\n<meta property=\"og:url\" content=\"https:\/\/bazardeltornero.com\/wp\/product\/2-insertos-gen3sys-xt-20-mm-c1-am300\/\" \/>\n<meta property=\"og:site_name\" content=\"Herramientas a los mejores precios\" \/>\n<meta property=\"article:publisher\" content=\"https:\/\/www.facebook.com\/bazardeltornero\" \/>\n<meta property=\"article:modified_time\" content=\"2026-04-01T22:56:48+00:00\" \/>\n<meta property=\"og:image\" content=\"https:\/\/bazardeltornero.com\/wp\/wp-content\/uploads\/2023\/08\/7C120P-20LR-1.jpg\" \/>\n\t<meta property=\"og:image:width\" content=\"1000\" \/>\n\t<meta property=\"og:image:height\" content=\"1000\" \/>\n\t<meta property=\"og:image:type\" content=\"image\/jpeg\" \/>\n<meta name=\"twitter:card\" content=\"summary_large_image\" \/>\n<meta name=\"twitter:label1\" content=\"Tiempo de lectura\" \/>\n\t<meta name=\"twitter:data1\" content=\"1 minuto\" \/>\n<script type=\"application\/ld+json\" class=\"yoast-schema-graph\">{\"@context\":\"https:\\\/\\\/schema.org\",\"@graph\":[{\"@type\":\"WebPage\",\"@id\":\"https:\\\/\\\/bazardeltornero.com\\\/wp\\\/product\\\/2-insertos-gen3sys-xt-20-mm-c1-am300\\\/\",\"url\":\"https:\\\/\\\/bazardeltornero.com\\\/wp\\\/product\\\/2-insertos-gen3sys-xt-20-mm-c1-am300\\\/\",\"name\":\"inserto GEN3SYS XT 20 mm C1 AM300 Allied Machine - Herramientas a los mejores precios\",\"isPartOf\":{\"@id\":\"https:\\\/\\\/bazardeltornero.com\\\/wp\\\/#website\"},\"primaryImageOfPage\":{\"@id\":\"https:\\\/\\\/bazardeltornero.com\\\/wp\\\/product\\\/2-insertos-gen3sys-xt-20-mm-c1-am300\\\/#primaryimage\"},\"image\":{\"@id\":\"https:\\\/\\\/bazardeltornero.com\\\/wp\\\/product\\\/2-insertos-gen3sys-xt-20-mm-c1-am300\\\/#primaryimage\"},\"thumbnailUrl\":\"https:\\\/\\\/bazardeltornero.com\\\/wp\\\/wp-content\\\/uploads\\\/2023\\\/08\\\/7C120P-20LR-1.jpg\",\"datePublished\":\"2023-08-07T20:38:58+00:00\",\"dateModified\":\"2026-04-01T22:56:48+00:00\",\"breadcrumb\":{\"@id\":\"https:\\\/\\\/bazardeltornero.com\\\/wp\\\/product\\\/2-insertos-gen3sys-xt-20-mm-c1-am300\\\/#breadcrumb\"},\"inLanguage\":\"es\",\"potentialAction\":[{\"@type\":\"ReadAction\",\"target\":[\"https:\\\/\\\/bazardeltornero.com\\\/wp\\\/product\\\/2-insertos-gen3sys-xt-20-mm-c1-am300\\\/\"]}]},{\"@type\":\"ImageObject\",\"inLanguage\":\"es\",\"@id\":\"https:\\\/\\\/bazardeltornero.com\\\/wp\\\/product\\\/2-insertos-gen3sys-xt-20-mm-c1-am300\\\/#primaryimage\",\"url\":\"https:\\\/\\\/bazardeltornero.com\\\/wp\\\/wp-content\\\/uploads\\\/2023\\\/08\\\/7C120P-20LR-1.jpg\",\"contentUrl\":\"https:\\\/\\\/bazardeltornero.com\\\/wp\\\/wp-content\\\/uploads\\\/2023\\\/08\\\/7C120P-20LR-1.jpg\",\"width\":1000,\"height\":1000,\"caption\":\"INSERTOS ALL7C120P-20LR (1)\"},{\"@type\":\"BreadcrumbList\",\"@id\":\"https:\\\/\\\/bazardeltornero.com\\\/wp\\\/product\\\/2-insertos-gen3sys-xt-20-mm-c1-am300\\\/#breadcrumb\",\"itemListElement\":[{\"@type\":\"ListItem\",\"position\":1,\"name\":\"Portada\",\"item\":\"https:\\\/\\\/bazardeltornero.com\\\/wp\\\/\"},{\"@type\":\"ListItem\",\"position\":2,\"name\":\"Tienda\",\"item\":\"https:\\\/\\\/bazardeltornero.com\\\/wp\\\/tienda\\\/\"},{\"@type\":\"ListItem\",\"position\":3,\"name\":\"inserto GEN3SYS XT 20 mm C1 AM300 Allied Machine\"}]},{\"@type\":\"WebSite\",\"@id\":\"https:\\\/\\\/bazardeltornero.com\\\/wp\\\/#website\",\"url\":\"https:\\\/\\\/bazardeltornero.com\\\/wp\\\/\",\"name\":\"Bazar del Tornero\",\"description\":\"Herramientas para la Industria Metalmec\u00e1nica\",\"publisher\":{\"@id\":\"https:\\\/\\\/bazardeltornero.com\\\/wp\\\/#organization\"},\"potentialAction\":[{\"@type\":\"SearchAction\",\"target\":{\"@type\":\"EntryPoint\",\"urlTemplate\":\"https:\\\/\\\/bazardeltornero.com\\\/wp\\\/?s={search_term_string}\"},\"query-input\":{\"@type\":\"PropertyValueSpecification\",\"valueRequired\":true,\"valueName\":\"search_term_string\"}}],\"inLanguage\":\"es\"},{\"@type\":\"Organization\",\"@id\":\"https:\\\/\\\/bazardeltornero.com\\\/wp\\\/#organization\",\"name\":\"Bazar del Tornero\",\"url\":\"https:\\\/\\\/bazardeltornero.com\\\/wp\\\/\",\"logo\":{\"@type\":\"ImageObject\",\"inLanguage\":\"es\",\"@id\":\"https:\\\/\\\/bazardeltornero.com\\\/wp\\\/#\\\/schema\\\/logo\\\/image\\\/\",\"url\":\"https:\\\/\\\/bazardeltornero.com\\\/wp\\\/wp-content\\\/uploads\\\/2021\\\/08\\\/cropped-Bazar-del-tornero-Logos-web-Color.png\",\"contentUrl\":\"https:\\\/\\\/bazardeltornero.com\\\/wp\\\/wp-content\\\/uploads\\\/2021\\\/08\\\/cropped-Bazar-del-tornero-Logos-web-Color.png\",\"width\":400,\"height\":134,\"caption\":\"Bazar del Tornero\"},\"image\":{\"@id\":\"https:\\\/\\\/bazardeltornero.com\\\/wp\\\/#\\\/schema\\\/logo\\\/image\\\/\"},\"sameAs\":[\"https:\\\/\\\/www.facebook.com\\\/bazardeltornero\",\"https:\\\/\\\/www.instagram.com\\\/bazardeltornero\\\/\"]}]}<\/script>\n<!-- \/ Yoast SEO plugin. -->","yoast_head_json":{"title":"inserto GEN3SYS XT 20 mm C1 AM300 Allied Machine - Herramientas a los mejores precios","robots":{"index":"index","follow":"follow","max-snippet":"max-snippet:-1","max-image-preview":"max-image-preview:large","max-video-preview":"max-video-preview:-1"},"canonical":"https:\/\/bazardeltornero.com\/wp\/product\/2-insertos-gen3sys-xt-20-mm-c1-am300\/","og_locale":"es_ES","og_type":"article","og_title":"inserto GEN3SYS XT 20 mm C1 AM300 Allied Machine - Herramientas a los mejores precios","og_description":"Inserto de carburo GEN3SYS XT de 20 mm de di\u00e1metro, serie #20, de grado C1(K35), geometr\u00eda de baja inclinaci\u00f3n, con recubrimiento AM300","og_url":"https:\/\/bazardeltornero.com\/wp\/product\/2-insertos-gen3sys-xt-20-mm-c1-am300\/","og_site_name":"Herramientas a los mejores precios","article_publisher":"https:\/\/www.facebook.com\/bazardeltornero","article_modified_time":"2026-04-01T22:56:48+00:00","og_image":[{"width":1000,"height":1000,"url":"https:\/\/bazardeltornero.com\/wp\/wp-content\/uploads\/2023\/08\/7C120P-20LR-1.jpg","type":"image\/jpeg"}],"twitter_card":"summary_large_image","twitter_misc":{"Tiempo de lectura":"1 minuto"},"schema":{"@context":"https:\/\/schema.org","@graph":[{"@type":"WebPage","@id":"https:\/\/bazardeltornero.com\/wp\/product\/2-insertos-gen3sys-xt-20-mm-c1-am300\/","url":"https:\/\/bazardeltornero.com\/wp\/product\/2-insertos-gen3sys-xt-20-mm-c1-am300\/","name":"inserto GEN3SYS XT 20 mm C1 AM300 Allied Machine - Herramientas a los mejores precios","isPartOf":{"@id":"https:\/\/bazardeltornero.com\/wp\/#website"},"primaryImageOfPage":{"@id":"https:\/\/bazardeltornero.com\/wp\/product\/2-insertos-gen3sys-xt-20-mm-c1-am300\/#primaryimage"},"image":{"@id":"https:\/\/bazardeltornero.com\/wp\/product\/2-insertos-gen3sys-xt-20-mm-c1-am300\/#primaryimage"},"thumbnailUrl":"https:\/\/bazardeltornero.com\/wp\/wp-content\/uploads\/2023\/08\/7C120P-20LR-1.jpg","datePublished":"2023-08-07T20:38:58+00:00","dateModified":"2026-04-01T22:56:48+00:00","breadcrumb":{"@id":"https:\/\/bazardeltornero.com\/wp\/product\/2-insertos-gen3sys-xt-20-mm-c1-am300\/#breadcrumb"},"inLanguage":"es","potentialAction":[{"@type":"ReadAction","target":["https:\/\/bazardeltornero.com\/wp\/product\/2-insertos-gen3sys-xt-20-mm-c1-am300\/"]}]},{"@type":"ImageObject","inLanguage":"es","@id":"https:\/\/bazardeltornero.com\/wp\/product\/2-insertos-gen3sys-xt-20-mm-c1-am300\/#primaryimage","url":"https:\/\/bazardeltornero.com\/wp\/wp-content\/uploads\/2023\/08\/7C120P-20LR-1.jpg","contentUrl":"https:\/\/bazardeltornero.com\/wp\/wp-content\/uploads\/2023\/08\/7C120P-20LR-1.jpg","width":1000,"height":1000,"caption":"INSERTOS ALL7C120P-20LR (1)"},{"@type":"BreadcrumbList","@id":"https:\/\/bazardeltornero.com\/wp\/product\/2-insertos-gen3sys-xt-20-mm-c1-am300\/#breadcrumb","itemListElement":[{"@type":"ListItem","position":1,"name":"Portada","item":"https:\/\/bazardeltornero.com\/wp\/"},{"@type":"ListItem","position":2,"name":"Tienda","item":"https:\/\/bazardeltornero.com\/wp\/tienda\/"},{"@type":"ListItem","position":3,"name":"inserto GEN3SYS XT 20 mm C1 AM300 Allied Machine"}]},{"@type":"WebSite","@id":"https:\/\/bazardeltornero.com\/wp\/#website","url":"https:\/\/bazardeltornero.com\/wp\/","name":"Bazar del Tornero","description":"Herramientas para la Industria Metalmec\u00e1nica","publisher":{"@id":"https:\/\/bazardeltornero.com\/wp\/#organization"},"potentialAction":[{"@type":"SearchAction","target":{"@type":"EntryPoint","urlTemplate":"https:\/\/bazardeltornero.com\/wp\/?s={search_term_string}"},"query-input":{"@type":"PropertyValueSpecification","valueRequired":true,"valueName":"search_term_string"}}],"inLanguage":"es"},{"@type":"Organization","@id":"https:\/\/bazardeltornero.com\/wp\/#organization","name":"Bazar del Tornero","url":"https:\/\/bazardeltornero.com\/wp\/","logo":{"@type":"ImageObject","inLanguage":"es","@id":"https:\/\/bazardeltornero.com\/wp\/#\/schema\/logo\/image\/","url":"https:\/\/bazardeltornero.com\/wp\/wp-content\/uploads\/2021\/08\/cropped-Bazar-del-tornero-Logos-web-Color.png","contentUrl":"https:\/\/bazardeltornero.com\/wp\/wp-content\/uploads\/2021\/08\/cropped-Bazar-del-tornero-Logos-web-Color.png","width":400,"height":134,"caption":"Bazar del Tornero"},"image":{"@id":"https:\/\/bazardeltornero.com\/wp\/#\/schema\/logo\/image\/"},"sameAs":["https:\/\/www.facebook.com\/bazardeltornero","https:\/\/www.instagram.com\/bazardeltornero\/"]}]}},"_links":{"self":[{"href":"https:\/\/bazardeltornero.com\/wp\/wp-json\/wp\/v2\/product\/9997","targetHints":{"allow":["GET"]}}],"collection":[{"href":"https:\/\/bazardeltornero.com\/wp\/wp-json\/wp\/v2\/product"}],"about":[{"href":"https:\/\/bazardeltornero.com\/wp\/wp-json\/wp\/v2\/types\/product"}],"replies":[{"embeddable":true,"href":"https:\/\/bazardeltornero.com\/wp\/wp-json\/wp\/v2\/comments?post=9997"}],"wp:featuredmedia":[{"embeddable":true,"href":"https:\/\/bazardeltornero.com\/wp\/wp-json\/wp\/v2\/media\/9999"}],"wp:attachment":[{"href":"https:\/\/bazardeltornero.com\/wp\/wp-json\/wp\/v2\/media?parent=9997"}],"wp:term":[{"taxonomy":"product_brand","embeddable":true,"href":"https:\/\/bazardeltornero.com\/wp\/wp-json\/wp\/v2\/product_brand?post=9997"},{"taxonomy":"product_cat","embeddable":true,"href":"https:\/\/bazardeltornero.com\/wp\/wp-json\/wp\/v2\/product_cat?post=9997"},{"taxonomy":"product_tag","embeddable":true,"href":"https:\/\/bazardeltornero.com\/wp\/wp-json\/wp\/v2\/product_tag?post=9997"}],"curies":[{"name":"wp","href":"https:\/\/api.w.org\/{rel}","templated":true}]}}