{"id":6598,"date":"2022-02-23T11:56:21","date_gmt":"2022-02-23T18:56:21","guid":{"rendered":"https:\/\/bazardeltornero.com\/wp\/?post_type=product&#038;p=6598"},"modified":"2026-04-01T15:54:31","modified_gmt":"2026-04-01T22:54:31","slug":"juego-rebabeador-reversible-mini","status":"publish","type":"product","link":"https:\/\/bazardeltornero.com\/wp\/product\/juego-rebabeador-reversible-mini\/","title":{"rendered":"Juego Rebabeador Reversible Mini NOGA"},"content":{"rendered":"<p>Caracter\u00edsticas generales:<\/p>\n<ul>\n<li type=\"circle\">Su tama\u00f1o es peque\u00f1o y fino para rebabear agujeros por delante y por detr\u00e1s.<\/li>\n<li type=\"circle\">Incluye:\n<ul>\n<li>Maneral de acero RC1000.<\/li>\n<li>Cuchilla R1 (Rango 3-5.5 mm).<\/li>\n<\/ul>\n<\/li>\n<\/ul>\n","protected":false},"excerpt":{"rendered":"<p>Juego de rebabeador reversible Mini<\/p>\n","protected":false},"featured_media":6600,"comment_status":"open","ping_status":"closed","template":"","meta":{"site-sidebar-layout":"default","site-content-layout":"default","ast-site-content-layout":"default","site-content-style":"default","site-sidebar-style":"default","ast-global-header-display":"","ast-banner-title-visibility":"","ast-main-header-display":"","ast-hfb-above-header-display":"","ast-hfb-below-header-display":"","ast-hfb-mobile-header-display":"","site-post-title":"","ast-breadcrumbs-content":"","ast-featured-img":"","footer-sml-layout":"","ast-disable-related-posts":"","theme-transparent-header-meta":"","adv-header-id-meta":"","stick-header-meta":"","header-above-stick-meta":"","header-main-stick-meta":"","header-below-stick-meta":"","astra-migrate-meta-layouts":"default","ast-page-background-enabled":"default","ast-page-background-meta":{"desktop":{"background-color":"","background-image":"","background-repeat":"repeat","background-position":"center center","background-size":"auto","background-attachment":"scroll","background-type":"","background-media":"","overlay-type":"","overlay-color":"","overlay-opacity":"","overlay-gradient":""},"tablet":{"background-color":"","background-image":"","background-repeat":"repeat","background-position":"center center","background-size":"auto","background-attachment":"scroll","background-type":"","background-media":"","overlay-type":"","overlay-color":"","overlay-opacity":"","overlay-gradient":""},"mobile":{"background-color":"","background-image":"","background-repeat":"repeat","background-position":"center center","background-size":"auto","background-attachment":"scroll","background-type":"","background-media":"","overlay-type":"","overlay-color":"","overlay-opacity":"","overlay-gradient":""}},"ast-content-background-meta":{"desktop":{"background-color":"var(--ast-global-color-5)","background-image":"","background-repeat":"repeat","background-position":"center center","background-size":"auto","background-attachment":"scroll","background-type":"","background-media":"","overlay-type":"","overlay-color":"","overlay-opacity":"","overlay-gradient":""},"tablet":{"background-color":"var(--ast-global-color-5)","background-image":"","background-repeat":"repeat","background-position":"center center","background-size":"auto","background-attachment":"scroll","background-type":"","background-media":"","overlay-type":"","overlay-color":"","overlay-opacity":"","overlay-gradient":""},"mobile":{"background-color":"var(--ast-global-color-5)","background-image":"","background-repeat":"repeat","background-position":"center center","background-size":"auto","background-attachment":"scroll","background-type":"","background-media":"","overlay-type":"","overlay-color":"","overlay-opacity":"","overlay-gradient":""}}},"product_brand":[],"product_cat":[58],"product_tag":[2838],"class_list":{"0":"post-6598","1":"product","2":"type-product","3":"status-publish","4":"has-post-thumbnail","6":"product_cat-rebabeadores","7":"product_tag-rebabeador","8":"desktop-align-center","9":"tablet-align-center","10":"mobile-align-center","12":"first","13":"outofstock","14":"taxable","15":"shipping-taxable","16":"purchasable","17":"product-type-simple"},"yoast_head":"<!-- This site is optimized with the Yoast SEO plugin v27.3 - https:\/\/yoast.com\/product\/yoast-seo-wordpress\/ -->\n<title>Juego Rebabeador Reversible Mini NOGA - Herramientas a los mejores precios<\/title>\n<meta name=\"robots\" content=\"index, follow, max-snippet:-1, max-image-preview:large, max-video-preview:-1\" \/>\n<link rel=\"canonical\" href=\"https:\/\/bazardeltornero.com\/wp\/product\/juego-rebabeador-reversible-mini\/\" \/>\n<meta property=\"og:locale\" content=\"es_ES\" \/>\n<meta property=\"og:type\" content=\"article\" \/>\n<meta property=\"og:title\" content=\"Juego Rebabeador Reversible Mini NOGA - Herramientas a los mejores precios\" \/>\n<meta property=\"og:description\" content=\"Juego de rebabeador reversible Mini\" \/>\n<meta property=\"og:url\" content=\"https:\/\/bazardeltornero.com\/wp\/product\/juego-rebabeador-reversible-mini\/\" \/>\n<meta property=\"og:site_name\" content=\"Herramientas a los mejores precios\" \/>\n<meta property=\"article:publisher\" content=\"https:\/\/www.facebook.com\/bazardeltornero\" \/>\n<meta property=\"article:modified_time\" content=\"2026-04-01T22:54:31+00:00\" \/>\n<meta property=\"og:image\" content=\"https:\/\/bazardeltornero.com\/wp\/wp-content\/uploads\/2022\/02\/99-000-149.jpg\" \/>\n\t<meta property=\"og:image:width\" content=\"1000\" \/>\n\t<meta property=\"og:image:height\" content=\"1000\" \/>\n\t<meta property=\"og:image:type\" content=\"image\/jpeg\" \/>\n<meta name=\"twitter:card\" content=\"summary_large_image\" \/>\n<script type=\"application\/ld+json\" class=\"yoast-schema-graph\">{\"@context\":\"https:\\\/\\\/schema.org\",\"@graph\":[{\"@type\":\"WebPage\",\"@id\":\"https:\\\/\\\/bazardeltornero.com\\\/wp\\\/product\\\/juego-rebabeador-reversible-mini\\\/\",\"url\":\"https:\\\/\\\/bazardeltornero.com\\\/wp\\\/product\\\/juego-rebabeador-reversible-mini\\\/\",\"name\":\"Juego Rebabeador Reversible Mini NOGA - Herramientas a los mejores precios\",\"isPartOf\":{\"@id\":\"https:\\\/\\\/bazardeltornero.com\\\/wp\\\/#website\"},\"primaryImageOfPage\":{\"@id\":\"https:\\\/\\\/bazardeltornero.com\\\/wp\\\/product\\\/juego-rebabeador-reversible-mini\\\/#primaryimage\"},\"image\":{\"@id\":\"https:\\\/\\\/bazardeltornero.com\\\/wp\\\/product\\\/juego-rebabeador-reversible-mini\\\/#primaryimage\"},\"thumbnailUrl\":\"https:\\\/\\\/bazardeltornero.com\\\/wp\\\/wp-content\\\/uploads\\\/2022\\\/02\\\/99-000-149.jpg\",\"datePublished\":\"2022-02-23T18:56:21+00:00\",\"dateModified\":\"2026-04-01T22:54:31+00:00\",\"breadcrumb\":{\"@id\":\"https:\\\/\\\/bazardeltornero.com\\\/wp\\\/product\\\/juego-rebabeador-reversible-mini\\\/#breadcrumb\"},\"inLanguage\":\"es\",\"potentialAction\":[{\"@type\":\"ReadAction\",\"target\":[\"https:\\\/\\\/bazardeltornero.com\\\/wp\\\/product\\\/juego-rebabeador-reversible-mini\\\/\"]}]},{\"@type\":\"ImageObject\",\"inLanguage\":\"es\",\"@id\":\"https:\\\/\\\/bazardeltornero.com\\\/wp\\\/product\\\/juego-rebabeador-reversible-mini\\\/#primaryimage\",\"url\":\"https:\\\/\\\/bazardeltornero.com\\\/wp\\\/wp-content\\\/uploads\\\/2022\\\/02\\\/99-000-149.jpg\",\"contentUrl\":\"https:\\\/\\\/bazardeltornero.com\\\/wp\\\/wp-content\\\/uploads\\\/2022\\\/02\\\/99-000-149.jpg\",\"width\":1000,\"height\":1000,\"caption\":\"Rebabeador 99-000-149\"},{\"@type\":\"BreadcrumbList\",\"@id\":\"https:\\\/\\\/bazardeltornero.com\\\/wp\\\/product\\\/juego-rebabeador-reversible-mini\\\/#breadcrumb\",\"itemListElement\":[{\"@type\":\"ListItem\",\"position\":1,\"name\":\"Portada\",\"item\":\"https:\\\/\\\/bazardeltornero.com\\\/wp\\\/\"},{\"@type\":\"ListItem\",\"position\":2,\"name\":\"Tienda\",\"item\":\"https:\\\/\\\/bazardeltornero.com\\\/wp\\\/tienda\\\/\"},{\"@type\":\"ListItem\",\"position\":3,\"name\":\"Juego Rebabeador Reversible Mini NOGA\"}]},{\"@type\":\"WebSite\",\"@id\":\"https:\\\/\\\/bazardeltornero.com\\\/wp\\\/#website\",\"url\":\"https:\\\/\\\/bazardeltornero.com\\\/wp\\\/\",\"name\":\"Bazar del Tornero\",\"description\":\"Herramientas para la Industria Metalmec\u00e1nica\",\"publisher\":{\"@id\":\"https:\\\/\\\/bazardeltornero.com\\\/wp\\\/#organization\"},\"potentialAction\":[{\"@type\":\"SearchAction\",\"target\":{\"@type\":\"EntryPoint\",\"urlTemplate\":\"https:\\\/\\\/bazardeltornero.com\\\/wp\\\/?s={search_term_string}\"},\"query-input\":{\"@type\":\"PropertyValueSpecification\",\"valueRequired\":true,\"valueName\":\"search_term_string\"}}],\"inLanguage\":\"es\"},{\"@type\":\"Organization\",\"@id\":\"https:\\\/\\\/bazardeltornero.com\\\/wp\\\/#organization\",\"name\":\"Bazar del Tornero\",\"url\":\"https:\\\/\\\/bazardeltornero.com\\\/wp\\\/\",\"logo\":{\"@type\":\"ImageObject\",\"inLanguage\":\"es\",\"@id\":\"https:\\\/\\\/bazardeltornero.com\\\/wp\\\/#\\\/schema\\\/logo\\\/image\\\/\",\"url\":\"https:\\\/\\\/bazardeltornero.com\\\/wp\\\/wp-content\\\/uploads\\\/2021\\\/08\\\/cropped-Bazar-del-tornero-Logos-web-Color.png\",\"contentUrl\":\"https:\\\/\\\/bazardeltornero.com\\\/wp\\\/wp-content\\\/uploads\\\/2021\\\/08\\\/cropped-Bazar-del-tornero-Logos-web-Color.png\",\"width\":400,\"height\":134,\"caption\":\"Bazar del Tornero\"},\"image\":{\"@id\":\"https:\\\/\\\/bazardeltornero.com\\\/wp\\\/#\\\/schema\\\/logo\\\/image\\\/\"},\"sameAs\":[\"https:\\\/\\\/www.facebook.com\\\/bazardeltornero\",\"https:\\\/\\\/www.instagram.com\\\/bazardeltornero\\\/\"]}]}<\/script>\n<!-- \/ Yoast SEO plugin. -->","yoast_head_json":{"title":"Juego Rebabeador Reversible Mini NOGA - Herramientas a los mejores precios","robots":{"index":"index","follow":"follow","max-snippet":"max-snippet:-1","max-image-preview":"max-image-preview:large","max-video-preview":"max-video-preview:-1"},"canonical":"https:\/\/bazardeltornero.com\/wp\/product\/juego-rebabeador-reversible-mini\/","og_locale":"es_ES","og_type":"article","og_title":"Juego Rebabeador Reversible Mini NOGA - Herramientas a los mejores precios","og_description":"Juego de rebabeador reversible Mini","og_url":"https:\/\/bazardeltornero.com\/wp\/product\/juego-rebabeador-reversible-mini\/","og_site_name":"Herramientas a los mejores precios","article_publisher":"https:\/\/www.facebook.com\/bazardeltornero","article_modified_time":"2026-04-01T22:54:31+00:00","og_image":[{"width":1000,"height":1000,"url":"https:\/\/bazardeltornero.com\/wp\/wp-content\/uploads\/2022\/02\/99-000-149.jpg","type":"image\/jpeg"}],"twitter_card":"summary_large_image","schema":{"@context":"https:\/\/schema.org","@graph":[{"@type":"WebPage","@id":"https:\/\/bazardeltornero.com\/wp\/product\/juego-rebabeador-reversible-mini\/","url":"https:\/\/bazardeltornero.com\/wp\/product\/juego-rebabeador-reversible-mini\/","name":"Juego Rebabeador Reversible Mini NOGA - Herramientas a los mejores precios","isPartOf":{"@id":"https:\/\/bazardeltornero.com\/wp\/#website"},"primaryImageOfPage":{"@id":"https:\/\/bazardeltornero.com\/wp\/product\/juego-rebabeador-reversible-mini\/#primaryimage"},"image":{"@id":"https:\/\/bazardeltornero.com\/wp\/product\/juego-rebabeador-reversible-mini\/#primaryimage"},"thumbnailUrl":"https:\/\/bazardeltornero.com\/wp\/wp-content\/uploads\/2022\/02\/99-000-149.jpg","datePublished":"2022-02-23T18:56:21+00:00","dateModified":"2026-04-01T22:54:31+00:00","breadcrumb":{"@id":"https:\/\/bazardeltornero.com\/wp\/product\/juego-rebabeador-reversible-mini\/#breadcrumb"},"inLanguage":"es","potentialAction":[{"@type":"ReadAction","target":["https:\/\/bazardeltornero.com\/wp\/product\/juego-rebabeador-reversible-mini\/"]}]},{"@type":"ImageObject","inLanguage":"es","@id":"https:\/\/bazardeltornero.com\/wp\/product\/juego-rebabeador-reversible-mini\/#primaryimage","url":"https:\/\/bazardeltornero.com\/wp\/wp-content\/uploads\/2022\/02\/99-000-149.jpg","contentUrl":"https:\/\/bazardeltornero.com\/wp\/wp-content\/uploads\/2022\/02\/99-000-149.jpg","width":1000,"height":1000,"caption":"Rebabeador 99-000-149"},{"@type":"BreadcrumbList","@id":"https:\/\/bazardeltornero.com\/wp\/product\/juego-rebabeador-reversible-mini\/#breadcrumb","itemListElement":[{"@type":"ListItem","position":1,"name":"Portada","item":"https:\/\/bazardeltornero.com\/wp\/"},{"@type":"ListItem","position":2,"name":"Tienda","item":"https:\/\/bazardeltornero.com\/wp\/tienda\/"},{"@type":"ListItem","position":3,"name":"Juego Rebabeador Reversible Mini NOGA"}]},{"@type":"WebSite","@id":"https:\/\/bazardeltornero.com\/wp\/#website","url":"https:\/\/bazardeltornero.com\/wp\/","name":"Bazar del Tornero","description":"Herramientas para la Industria Metalmec\u00e1nica","publisher":{"@id":"https:\/\/bazardeltornero.com\/wp\/#organization"},"potentialAction":[{"@type":"SearchAction","target":{"@type":"EntryPoint","urlTemplate":"https:\/\/bazardeltornero.com\/wp\/?s={search_term_string}"},"query-input":{"@type":"PropertyValueSpecification","valueRequired":true,"valueName":"search_term_string"}}],"inLanguage":"es"},{"@type":"Organization","@id":"https:\/\/bazardeltornero.com\/wp\/#organization","name":"Bazar del Tornero","url":"https:\/\/bazardeltornero.com\/wp\/","logo":{"@type":"ImageObject","inLanguage":"es","@id":"https:\/\/bazardeltornero.com\/wp\/#\/schema\/logo\/image\/","url":"https:\/\/bazardeltornero.com\/wp\/wp-content\/uploads\/2021\/08\/cropped-Bazar-del-tornero-Logos-web-Color.png","contentUrl":"https:\/\/bazardeltornero.com\/wp\/wp-content\/uploads\/2021\/08\/cropped-Bazar-del-tornero-Logos-web-Color.png","width":400,"height":134,"caption":"Bazar del Tornero"},"image":{"@id":"https:\/\/bazardeltornero.com\/wp\/#\/schema\/logo\/image\/"},"sameAs":["https:\/\/www.facebook.com\/bazardeltornero","https:\/\/www.instagram.com\/bazardeltornero\/"]}]}},"_links":{"self":[{"href":"https:\/\/bazardeltornero.com\/wp\/wp-json\/wp\/v2\/product\/6598","targetHints":{"allow":["GET"]}}],"collection":[{"href":"https:\/\/bazardeltornero.com\/wp\/wp-json\/wp\/v2\/product"}],"about":[{"href":"https:\/\/bazardeltornero.com\/wp\/wp-json\/wp\/v2\/types\/product"}],"replies":[{"embeddable":true,"href":"https:\/\/bazardeltornero.com\/wp\/wp-json\/wp\/v2\/comments?post=6598"}],"wp:featuredmedia":[{"embeddable":true,"href":"https:\/\/bazardeltornero.com\/wp\/wp-json\/wp\/v2\/media\/6600"}],"wp:attachment":[{"href":"https:\/\/bazardeltornero.com\/wp\/wp-json\/wp\/v2\/media?parent=6598"}],"wp:term":[{"taxonomy":"product_brand","embeddable":true,"href":"https:\/\/bazardeltornero.com\/wp\/wp-json\/wp\/v2\/product_brand?post=6598"},{"taxonomy":"product_cat","embeddable":true,"href":"https:\/\/bazardeltornero.com\/wp\/wp-json\/wp\/v2\/product_cat?post=6598"},{"taxonomy":"product_tag","embeddable":true,"href":"https:\/\/bazardeltornero.com\/wp\/wp-json\/wp\/v2\/product_tag?post=6598"}],"curies":[{"name":"wp","href":"https:\/\/api.w.org\/{rel}","templated":true}]}}