{"id":3643,"date":"2022-01-18T14:44:26","date_gmt":"2022-01-18T21:44:26","guid":{"rendered":"https:\/\/bazardeltornero.com\/wp\/?post_type=product&#038;p=3643"},"modified":"2026-04-01T15:49:59","modified_gmt":"2026-04-01T22:49:59","slug":"barra-de-interiores-de-carburo-solido-1-4-derecho","status":"publish","type":"product","link":"https:\/\/bazardeltornero.com\/wp\/product\/barra-de-interiores-de-carburo-solido-1-4-derecho\/","title":{"rendered":"Barra De Interiores De Carburo Solido 1\/4&#8243; Derecho Micro 100"},"content":{"rendered":"<p>Caracter\u00edsticas generales:<\/p>\n<ul>\n<li>Dise\u00f1ada para el punzonado de ranuras de radio completo y perfilado.<\/li>\n<li>Cara dividida pulida para mejorar la retenci\u00f3n del filo y la evacuaci\u00f3n de viruta, lo que reduce la fricci\u00f3n al mismo tiempo.<\/li>\n<li>Perfil de radio completo.<\/li>\n<li>El plano de bloqueo localiza autom\u00e1ticamente la herramienta en el centro.<\/li>\n<li>Rectificado por CNC en los Estados Unidos.<\/li>\n<\/ul>\n","protected":false},"excerpt":{"rendered":"<p>Barra de interiores de carburo s\u00f3lido de 1\/4\u201d de di\u00e1metro<\/p>\n","protected":false},"featured_media":3646,"comment_status":"open","ping_status":"closed","template":"","meta":{"site-sidebar-layout":"default","site-content-layout":"default","ast-site-content-layout":"default","site-content-style":"default","site-sidebar-style":"default","ast-global-header-display":"","ast-banner-title-visibility":"","ast-main-header-display":"","ast-hfb-above-header-display":"","ast-hfb-below-header-display":"","ast-hfb-mobile-header-display":"","site-post-title":"","ast-breadcrumbs-content":"","ast-featured-img":"","footer-sml-layout":"","ast-disable-related-posts":"","theme-transparent-header-meta":"default","adv-header-id-meta":"","stick-header-meta":"","header-above-stick-meta":"","header-main-stick-meta":"","header-below-stick-meta":"","astra-migrate-meta-layouts":"default","ast-page-background-enabled":"default","ast-page-background-meta":{"desktop":{"background-color":"","background-image":"","background-repeat":"repeat","background-position":"center center","background-size":"auto","background-attachment":"scroll","background-type":"","background-media":"","overlay-type":"","overlay-color":"","overlay-opacity":"","overlay-gradient":""},"tablet":{"background-color":"","background-image":"","background-repeat":"repeat","background-position":"center center","background-size":"auto","background-attachment":"scroll","background-type":"","background-media":"","overlay-type":"","overlay-color":"","overlay-opacity":"","overlay-gradient":""},"mobile":{"background-color":"","background-image":"","background-repeat":"repeat","background-position":"center center","background-size":"auto","background-attachment":"scroll","background-type":"","background-media":"","overlay-type":"","overlay-color":"","overlay-opacity":"","overlay-gradient":""}},"ast-content-background-meta":{"desktop":{"background-color":"var(--ast-global-color-5)","background-image":"","background-repeat":"repeat","background-position":"center center","background-size":"auto","background-attachment":"scroll","background-type":"","background-media":"","overlay-type":"","overlay-color":"","overlay-opacity":"","overlay-gradient":""},"tablet":{"background-color":"var(--ast-global-color-5)","background-image":"","background-repeat":"repeat","background-position":"center center","background-size":"auto","background-attachment":"scroll","background-type":"","background-media":"","overlay-type":"","overlay-color":"","overlay-opacity":"","overlay-gradient":""},"mobile":{"background-color":"var(--ast-global-color-5)","background-image":"","background-repeat":"repeat","background-position":"center center","background-size":"auto","background-attachment":"scroll","background-type":"","background-media":"","overlay-type":"","overlay-color":"","overlay-opacity":"","overlay-gradient":""}}},"product_brand":[],"product_cat":[82],"product_tag":[705],"class_list":{"0":"post-3643","1":"product","2":"type-product","3":"status-publish","4":"has-post-thumbnail","6":"product_cat-barras-de-boreado-indexable","7":"product_tag-barra-boreado","8":"desktop-align-center","9":"tablet-align-center","10":"mobile-align-center","12":"first","13":"instock","14":"sale","15":"taxable","16":"shipping-taxable","17":"purchasable","18":"product-type-simple"},"yoast_head":"<!-- This site is optimized with the Yoast SEO plugin v27.3 - https:\/\/yoast.com\/product\/yoast-seo-wordpress\/ -->\n<title>Barra De Interiores De Carburo Solido 1\/4&quot; Derecho Micro 100 - Herramientas a los mejores precios<\/title>\n<meta name=\"robots\" content=\"index, follow, max-snippet:-1, max-image-preview:large, max-video-preview:-1\" \/>\n<link rel=\"canonical\" href=\"https:\/\/bazardeltornero.com\/wp\/product\/barra-de-interiores-de-carburo-solido-1-4-derecho\/\" \/>\n<meta property=\"og:locale\" content=\"es_ES\" \/>\n<meta property=\"og:type\" content=\"article\" \/>\n<meta property=\"og:title\" content=\"Barra De Interiores De Carburo Solido 1\/4&quot; Derecho Micro 100 - Herramientas a los mejores precios\" \/>\n<meta property=\"og:description\" content=\"Barra de interiores de carburo s\u00f3lido de 1\/4\u201d de di\u00e1metro\" \/>\n<meta property=\"og:url\" content=\"https:\/\/bazardeltornero.com\/wp\/product\/barra-de-interiores-de-carburo-solido-1-4-derecho\/\" \/>\n<meta property=\"og:site_name\" content=\"Herramientas a los mejores precios\" \/>\n<meta property=\"article:publisher\" content=\"https:\/\/www.facebook.com\/bazardeltornero\" \/>\n<meta property=\"article:modified_time\" content=\"2026-04-01T22:49:59+00:00\" \/>\n<meta property=\"og:image\" content=\"https:\/\/bazardeltornero.com\/wp\/wp-content\/uploads\/2022\/01\/GE45UP250308.jpg\" \/>\n\t<meta property=\"og:image:width\" content=\"1000\" \/>\n\t<meta property=\"og:image:height\" content=\"1000\" \/>\n\t<meta property=\"og:image:type\" content=\"image\/jpeg\" \/>\n<meta name=\"twitter:card\" content=\"summary_large_image\" \/>\n<meta name=\"twitter:label1\" content=\"Tiempo de lectura\" \/>\n\t<meta name=\"twitter:data1\" content=\"1 minuto\" \/>\n<script type=\"application\/ld+json\" class=\"yoast-schema-graph\">{\"@context\":\"https:\\\/\\\/schema.org\",\"@graph\":[{\"@type\":\"WebPage\",\"@id\":\"https:\\\/\\\/bazardeltornero.com\\\/wp\\\/product\\\/barra-de-interiores-de-carburo-solido-1-4-derecho\\\/\",\"url\":\"https:\\\/\\\/bazardeltornero.com\\\/wp\\\/product\\\/barra-de-interiores-de-carburo-solido-1-4-derecho\\\/\",\"name\":\"Barra De Interiores De Carburo Solido 1\\\/4\\\" Derecho Micro 100 - Herramientas a los mejores precios\",\"isPartOf\":{\"@id\":\"https:\\\/\\\/bazardeltornero.com\\\/wp\\\/#website\"},\"primaryImageOfPage\":{\"@id\":\"https:\\\/\\\/bazardeltornero.com\\\/wp\\\/product\\\/barra-de-interiores-de-carburo-solido-1-4-derecho\\\/#primaryimage\"},\"image\":{\"@id\":\"https:\\\/\\\/bazardeltornero.com\\\/wp\\\/product\\\/barra-de-interiores-de-carburo-solido-1-4-derecho\\\/#primaryimage\"},\"thumbnailUrl\":\"https:\\\/\\\/bazardeltornero.com\\\/wp\\\/wp-content\\\/uploads\\\/2022\\\/01\\\/GE45UP250308.jpg\",\"datePublished\":\"2022-01-18T21:44:26+00:00\",\"dateModified\":\"2026-04-01T22:49:59+00:00\",\"breadcrumb\":{\"@id\":\"https:\\\/\\\/bazardeltornero.com\\\/wp\\\/product\\\/barra-de-interiores-de-carburo-solido-1-4-derecho\\\/#breadcrumb\"},\"inLanguage\":\"es\",\"potentialAction\":[{\"@type\":\"ReadAction\",\"target\":[\"https:\\\/\\\/bazardeltornero.com\\\/wp\\\/product\\\/barra-de-interiores-de-carburo-solido-1-4-derecho\\\/\"]}]},{\"@type\":\"ImageObject\",\"inLanguage\":\"es\",\"@id\":\"https:\\\/\\\/bazardeltornero.com\\\/wp\\\/product\\\/barra-de-interiores-de-carburo-solido-1-4-derecho\\\/#primaryimage\",\"url\":\"https:\\\/\\\/bazardeltornero.com\\\/wp\\\/wp-content\\\/uploads\\\/2022\\\/01\\\/GE45UP250308.jpg\",\"contentUrl\":\"https:\\\/\\\/bazardeltornero.com\\\/wp\\\/wp-content\\\/uploads\\\/2022\\\/01\\\/GE45UP250308.jpg\",\"width\":1000,\"height\":1000,\"caption\":\"Barra GE45UP250308\"},{\"@type\":\"BreadcrumbList\",\"@id\":\"https:\\\/\\\/bazardeltornero.com\\\/wp\\\/product\\\/barra-de-interiores-de-carburo-solido-1-4-derecho\\\/#breadcrumb\",\"itemListElement\":[{\"@type\":\"ListItem\",\"position\":1,\"name\":\"Portada\",\"item\":\"https:\\\/\\\/bazardeltornero.com\\\/wp\\\/\"},{\"@type\":\"ListItem\",\"position\":2,\"name\":\"Tienda\",\"item\":\"https:\\\/\\\/bazardeltornero.com\\\/wp\\\/tienda\\\/\"},{\"@type\":\"ListItem\",\"position\":3,\"name\":\"Barra De Interiores De Carburo Solido 1\\\/4&#8243; Derecho Micro 100\"}]},{\"@type\":\"WebSite\",\"@id\":\"https:\\\/\\\/bazardeltornero.com\\\/wp\\\/#website\",\"url\":\"https:\\\/\\\/bazardeltornero.com\\\/wp\\\/\",\"name\":\"Bazar del Tornero\",\"description\":\"Herramientas para la Industria Metalmec\u00e1nica\",\"publisher\":{\"@id\":\"https:\\\/\\\/bazardeltornero.com\\\/wp\\\/#organization\"},\"potentialAction\":[{\"@type\":\"SearchAction\",\"target\":{\"@type\":\"EntryPoint\",\"urlTemplate\":\"https:\\\/\\\/bazardeltornero.com\\\/wp\\\/?s={search_term_string}\"},\"query-input\":{\"@type\":\"PropertyValueSpecification\",\"valueRequired\":true,\"valueName\":\"search_term_string\"}}],\"inLanguage\":\"es\"},{\"@type\":\"Organization\",\"@id\":\"https:\\\/\\\/bazardeltornero.com\\\/wp\\\/#organization\",\"name\":\"Bazar del Tornero\",\"url\":\"https:\\\/\\\/bazardeltornero.com\\\/wp\\\/\",\"logo\":{\"@type\":\"ImageObject\",\"inLanguage\":\"es\",\"@id\":\"https:\\\/\\\/bazardeltornero.com\\\/wp\\\/#\\\/schema\\\/logo\\\/image\\\/\",\"url\":\"https:\\\/\\\/bazardeltornero.com\\\/wp\\\/wp-content\\\/uploads\\\/2021\\\/08\\\/cropped-Bazar-del-tornero-Logos-web-Color.png\",\"contentUrl\":\"https:\\\/\\\/bazardeltornero.com\\\/wp\\\/wp-content\\\/uploads\\\/2021\\\/08\\\/cropped-Bazar-del-tornero-Logos-web-Color.png\",\"width\":400,\"height\":134,\"caption\":\"Bazar del Tornero\"},\"image\":{\"@id\":\"https:\\\/\\\/bazardeltornero.com\\\/wp\\\/#\\\/schema\\\/logo\\\/image\\\/\"},\"sameAs\":[\"https:\\\/\\\/www.facebook.com\\\/bazardeltornero\",\"https:\\\/\\\/www.instagram.com\\\/bazardeltornero\\\/\"]}]}<\/script>\n<!-- \/ Yoast SEO plugin. -->","yoast_head_json":{"title":"Barra De Interiores De Carburo Solido 1\/4\" Derecho Micro 100 - Herramientas a los mejores precios","robots":{"index":"index","follow":"follow","max-snippet":"max-snippet:-1","max-image-preview":"max-image-preview:large","max-video-preview":"max-video-preview:-1"},"canonical":"https:\/\/bazardeltornero.com\/wp\/product\/barra-de-interiores-de-carburo-solido-1-4-derecho\/","og_locale":"es_ES","og_type":"article","og_title":"Barra De Interiores De Carburo Solido 1\/4\" Derecho Micro 100 - Herramientas a los mejores precios","og_description":"Barra de interiores de carburo s\u00f3lido de 1\/4\u201d de di\u00e1metro","og_url":"https:\/\/bazardeltornero.com\/wp\/product\/barra-de-interiores-de-carburo-solido-1-4-derecho\/","og_site_name":"Herramientas a los mejores precios","article_publisher":"https:\/\/www.facebook.com\/bazardeltornero","article_modified_time":"2026-04-01T22:49:59+00:00","og_image":[{"width":1000,"height":1000,"url":"https:\/\/bazardeltornero.com\/wp\/wp-content\/uploads\/2022\/01\/GE45UP250308.jpg","type":"image\/jpeg"}],"twitter_card":"summary_large_image","twitter_misc":{"Tiempo de lectura":"1 minuto"},"schema":{"@context":"https:\/\/schema.org","@graph":[{"@type":"WebPage","@id":"https:\/\/bazardeltornero.com\/wp\/product\/barra-de-interiores-de-carburo-solido-1-4-derecho\/","url":"https:\/\/bazardeltornero.com\/wp\/product\/barra-de-interiores-de-carburo-solido-1-4-derecho\/","name":"Barra De Interiores De Carburo Solido 1\/4\" Derecho Micro 100 - Herramientas a los mejores precios","isPartOf":{"@id":"https:\/\/bazardeltornero.com\/wp\/#website"},"primaryImageOfPage":{"@id":"https:\/\/bazardeltornero.com\/wp\/product\/barra-de-interiores-de-carburo-solido-1-4-derecho\/#primaryimage"},"image":{"@id":"https:\/\/bazardeltornero.com\/wp\/product\/barra-de-interiores-de-carburo-solido-1-4-derecho\/#primaryimage"},"thumbnailUrl":"https:\/\/bazardeltornero.com\/wp\/wp-content\/uploads\/2022\/01\/GE45UP250308.jpg","datePublished":"2022-01-18T21:44:26+00:00","dateModified":"2026-04-01T22:49:59+00:00","breadcrumb":{"@id":"https:\/\/bazardeltornero.com\/wp\/product\/barra-de-interiores-de-carburo-solido-1-4-derecho\/#breadcrumb"},"inLanguage":"es","potentialAction":[{"@type":"ReadAction","target":["https:\/\/bazardeltornero.com\/wp\/product\/barra-de-interiores-de-carburo-solido-1-4-derecho\/"]}]},{"@type":"ImageObject","inLanguage":"es","@id":"https:\/\/bazardeltornero.com\/wp\/product\/barra-de-interiores-de-carburo-solido-1-4-derecho\/#primaryimage","url":"https:\/\/bazardeltornero.com\/wp\/wp-content\/uploads\/2022\/01\/GE45UP250308.jpg","contentUrl":"https:\/\/bazardeltornero.com\/wp\/wp-content\/uploads\/2022\/01\/GE45UP250308.jpg","width":1000,"height":1000,"caption":"Barra GE45UP250308"},{"@type":"BreadcrumbList","@id":"https:\/\/bazardeltornero.com\/wp\/product\/barra-de-interiores-de-carburo-solido-1-4-derecho\/#breadcrumb","itemListElement":[{"@type":"ListItem","position":1,"name":"Portada","item":"https:\/\/bazardeltornero.com\/wp\/"},{"@type":"ListItem","position":2,"name":"Tienda","item":"https:\/\/bazardeltornero.com\/wp\/tienda\/"},{"@type":"ListItem","position":3,"name":"Barra De Interiores De Carburo Solido 1\/4&#8243; Derecho Micro 100"}]},{"@type":"WebSite","@id":"https:\/\/bazardeltornero.com\/wp\/#website","url":"https:\/\/bazardeltornero.com\/wp\/","name":"Bazar del Tornero","description":"Herramientas para la Industria Metalmec\u00e1nica","publisher":{"@id":"https:\/\/bazardeltornero.com\/wp\/#organization"},"potentialAction":[{"@type":"SearchAction","target":{"@type":"EntryPoint","urlTemplate":"https:\/\/bazardeltornero.com\/wp\/?s={search_term_string}"},"query-input":{"@type":"PropertyValueSpecification","valueRequired":true,"valueName":"search_term_string"}}],"inLanguage":"es"},{"@type":"Organization","@id":"https:\/\/bazardeltornero.com\/wp\/#organization","name":"Bazar del Tornero","url":"https:\/\/bazardeltornero.com\/wp\/","logo":{"@type":"ImageObject","inLanguage":"es","@id":"https:\/\/bazardeltornero.com\/wp\/#\/schema\/logo\/image\/","url":"https:\/\/bazardeltornero.com\/wp\/wp-content\/uploads\/2021\/08\/cropped-Bazar-del-tornero-Logos-web-Color.png","contentUrl":"https:\/\/bazardeltornero.com\/wp\/wp-content\/uploads\/2021\/08\/cropped-Bazar-del-tornero-Logos-web-Color.png","width":400,"height":134,"caption":"Bazar del Tornero"},"image":{"@id":"https:\/\/bazardeltornero.com\/wp\/#\/schema\/logo\/image\/"},"sameAs":["https:\/\/www.facebook.com\/bazardeltornero","https:\/\/www.instagram.com\/bazardeltornero\/"]}]}},"_links":{"self":[{"href":"https:\/\/bazardeltornero.com\/wp\/wp-json\/wp\/v2\/product\/3643","targetHints":{"allow":["GET"]}}],"collection":[{"href":"https:\/\/bazardeltornero.com\/wp\/wp-json\/wp\/v2\/product"}],"about":[{"href":"https:\/\/bazardeltornero.com\/wp\/wp-json\/wp\/v2\/types\/product"}],"replies":[{"embeddable":true,"href":"https:\/\/bazardeltornero.com\/wp\/wp-json\/wp\/v2\/comments?post=3643"}],"wp:featuredmedia":[{"embeddable":true,"href":"https:\/\/bazardeltornero.com\/wp\/wp-json\/wp\/v2\/media\/3646"}],"wp:attachment":[{"href":"https:\/\/bazardeltornero.com\/wp\/wp-json\/wp\/v2\/media?parent=3643"}],"wp:term":[{"taxonomy":"product_brand","embeddable":true,"href":"https:\/\/bazardeltornero.com\/wp\/wp-json\/wp\/v2\/product_brand?post=3643"},{"taxonomy":"product_cat","embeddable":true,"href":"https:\/\/bazardeltornero.com\/wp\/wp-json\/wp\/v2\/product_cat?post=3643"},{"taxonomy":"product_tag","embeddable":true,"href":"https:\/\/bazardeltornero.com\/wp\/wp-json\/wp\/v2\/product_tag?post=3643"}],"curies":[{"name":"wp","href":"https:\/\/api.w.org\/{rel}","templated":true}]}}