{"id":11215,"date":"2023-11-29T08:51:02","date_gmt":"2023-11-29T15:51:02","guid":{"rendered":"https:\/\/bazardeltornero.com\/wp\/?post_type=product&#038;p=11215"},"modified":"2026-04-09T16:17:41","modified_gmt":"2026-04-09T23:17:41","slug":"disco-de-desbaste-4-1-2x1-4x7-8","status":"publish","type":"product","link":"https:\/\/bazardeltornero.com\/wp\/product\/disco-de-desbaste-4-1-2x1-4x7-8\/","title":{"rendered":"10 Discos Desbaste 4-1\/2&#8243; x 1\/4&#8243; x 7\/8&#8243; Norton"},"content":{"rendered":"<p>Caracter\u00edsticas generales:<\/p>\n<p>\u2022 Buena elecci\u00f3n para el acero y los metales ferrosos, as\u00ed como para aplicaciones especiales en aluminio y fundiciones.<br \/>\n\u2022 \u00d3xido de aluminio de calidad para un rendimiento constante a un precio econ\u00f3mico.<br \/>\n\u2022 El adhesivo de alto rendimiento y la dureza de la rueda est\u00e1n dise\u00f1ados para un corte r\u00e1pido a la vez que se mantiene una excelente vida \u00fatil de la rueda.<br \/>\n\u2022 Especificaci\u00f3n vers\u00e1til, de uso general, para utilizar en una gran variedad de materiales, incluidos los aceros inoxidables de la serie 400, aceros duros al carbono y aceros blandos al carbono.<\/p>\n<p>&nbsp;<\/p>\n","protected":false},"excerpt":{"rendered":"<p>Disco de desbaste de 4-1\/2&#215;1\/4&#215;7\/8\u201d, de tipo 27, abrasivo de \u00f3xido de aluminio<\/p>\n","protected":false},"featured_media":13671,"comment_status":"closed","ping_status":"closed","template":"","meta":{"site-sidebar-layout":"default","site-content-layout":"","ast-site-content-layout":"default","site-content-style":"default","site-sidebar-style":"default","ast-global-header-display":"","ast-banner-title-visibility":"","ast-main-header-display":"","ast-hfb-above-header-display":"","ast-hfb-below-header-display":"","ast-hfb-mobile-header-display":"","site-post-title":"","ast-breadcrumbs-content":"","ast-featured-img":"","footer-sml-layout":"","ast-disable-related-posts":"","theme-transparent-header-meta":"default","adv-header-id-meta":"","stick-header-meta":"","header-above-stick-meta":"","header-main-stick-meta":"","header-below-stick-meta":"","astra-migrate-meta-layouts":"set","ast-page-background-enabled":"default","ast-page-background-meta":{"desktop":{"background-color":"","background-image":"","background-repeat":"repeat","background-position":"center center","background-size":"auto","background-attachment":"scroll","background-type":"","background-media":"","overlay-type":"","overlay-color":"","overlay-opacity":"","overlay-gradient":""},"tablet":{"background-color":"","background-image":"","background-repeat":"repeat","background-position":"center center","background-size":"auto","background-attachment":"scroll","background-type":"","background-media":"","overlay-type":"","overlay-color":"","overlay-opacity":"","overlay-gradient":""},"mobile":{"background-color":"","background-image":"","background-repeat":"repeat","background-position":"center center","background-size":"auto","background-attachment":"scroll","background-type":"","background-media":"","overlay-type":"","overlay-color":"","overlay-opacity":"","overlay-gradient":""}},"ast-content-background-meta":{"desktop":{"background-color":"var(--ast-global-color-5)","background-image":"","background-repeat":"repeat","background-position":"center center","background-size":"auto","background-attachment":"scroll","background-type":"","background-media":"","overlay-type":"","overlay-color":"","overlay-opacity":"","overlay-gradient":""},"tablet":{"background-color":"var(--ast-global-color-5)","background-image":"","background-repeat":"repeat","background-position":"center center","background-size":"auto","background-attachment":"scroll","background-type":"","background-media":"","overlay-type":"","overlay-color":"","overlay-opacity":"","overlay-gradient":""},"mobile":{"background-color":"var(--ast-global-color-5)","background-image":"","background-repeat":"repeat","background-position":"center center","background-size":"auto","background-attachment":"scroll","background-type":"","background-media":"","overlay-type":"","overlay-color":"","overlay-opacity":"","overlay-gradient":""}}},"product_brand":[],"product_cat":[354],"product_tag":[374],"class_list":{"0":"post-11215","1":"product","2":"type-product","3":"status-publish","4":"has-post-thumbnail","6":"product_cat-discos-de-lija","7":"product_tag-disco-desbaste","8":"desktop-align-center","9":"tablet-align-center","10":"mobile-align-center","12":"first","13":"instock","14":"sale","15":"taxable","16":"shipping-taxable","17":"purchasable","18":"product-type-simple"},"yoast_head":"<!-- This site is optimized with the Yoast SEO plugin v27.3 - https:\/\/yoast.com\/product\/yoast-seo-wordpress\/ -->\n<title>10 Discos Desbaste 4-1\/2&quot; x 1\/4&quot; x 7\/8&quot; Norton - Herramientas a los mejores precios<\/title>\n<meta name=\"robots\" content=\"index, follow, max-snippet:-1, max-image-preview:large, max-video-preview:-1\" \/>\n<link rel=\"canonical\" href=\"https:\/\/bazardeltornero.com\/wp\/product\/disco-de-desbaste-4-1-2x1-4x7-8\/\" \/>\n<meta property=\"og:locale\" content=\"es_ES\" \/>\n<meta property=\"og:type\" content=\"article\" \/>\n<meta property=\"og:title\" content=\"10 Discos Desbaste 4-1\/2&quot; x 1\/4&quot; x 7\/8&quot; Norton - Herramientas a los mejores precios\" \/>\n<meta property=\"og:description\" content=\"Disco de desbaste de 4-1\/2x1\/4x7\/8\u201d, de tipo 27, abrasivo de \u00f3xido de aluminio\" \/>\n<meta property=\"og:url\" content=\"https:\/\/bazardeltornero.com\/wp\/product\/disco-de-desbaste-4-1-2x1-4x7-8\/\" \/>\n<meta property=\"og:site_name\" content=\"Herramientas a los mejores precios\" \/>\n<meta property=\"article:publisher\" content=\"https:\/\/www.facebook.com\/bazardeltornero\" \/>\n<meta property=\"article:modified_time\" content=\"2026-04-09T23:17:41+00:00\" \/>\n<meta property=\"og:image\" content=\"https:\/\/bazardeltornero.com\/wp\/wp-content\/uploads\/2023\/11\/D_NQ_NP_2X_667558-MLM69948788467_062023-F.webp\" \/>\n\t<meta property=\"og:image:width\" content=\"697\" \/>\n\t<meta property=\"og:image:height\" content=\"698\" \/>\n\t<meta property=\"og:image:type\" content=\"image\/webp\" \/>\n<meta name=\"twitter:card\" content=\"summary_large_image\" \/>\n<meta name=\"twitter:label1\" content=\"Tiempo de lectura\" \/>\n\t<meta name=\"twitter:data1\" content=\"1 minuto\" \/>\n<script type=\"application\/ld+json\" class=\"yoast-schema-graph\">{\"@context\":\"https:\\\/\\\/schema.org\",\"@graph\":[{\"@type\":\"WebPage\",\"@id\":\"https:\\\/\\\/bazardeltornero.com\\\/wp\\\/product\\\/disco-de-desbaste-4-1-2x1-4x7-8\\\/\",\"url\":\"https:\\\/\\\/bazardeltornero.com\\\/wp\\\/product\\\/disco-de-desbaste-4-1-2x1-4x7-8\\\/\",\"name\":\"10 Discos Desbaste 4-1\\\/2\\\" x 1\\\/4\\\" x 7\\\/8\\\" Norton - Herramientas a los mejores precios\",\"isPartOf\":{\"@id\":\"https:\\\/\\\/bazardeltornero.com\\\/wp\\\/#website\"},\"primaryImageOfPage\":{\"@id\":\"https:\\\/\\\/bazardeltornero.com\\\/wp\\\/product\\\/disco-de-desbaste-4-1-2x1-4x7-8\\\/#primaryimage\"},\"image\":{\"@id\":\"https:\\\/\\\/bazardeltornero.com\\\/wp\\\/product\\\/disco-de-desbaste-4-1-2x1-4x7-8\\\/#primaryimage\"},\"thumbnailUrl\":\"https:\\\/\\\/bazardeltornero.com\\\/wp\\\/wp-content\\\/uploads\\\/2025\\\/04\\\/662528435942.png\",\"datePublished\":\"2023-11-29T15:51:02+00:00\",\"dateModified\":\"2026-04-09T23:17:41+00:00\",\"breadcrumb\":{\"@id\":\"https:\\\/\\\/bazardeltornero.com\\\/wp\\\/product\\\/disco-de-desbaste-4-1-2x1-4x7-8\\\/#breadcrumb\"},\"inLanguage\":\"es\",\"potentialAction\":[{\"@type\":\"ReadAction\",\"target\":[\"https:\\\/\\\/bazardeltornero.com\\\/wp\\\/product\\\/disco-de-desbaste-4-1-2x1-4x7-8\\\/\"]}]},{\"@type\":\"ImageObject\",\"inLanguage\":\"es\",\"@id\":\"https:\\\/\\\/bazardeltornero.com\\\/wp\\\/product\\\/disco-de-desbaste-4-1-2x1-4x7-8\\\/#primaryimage\",\"url\":\"https:\\\/\\\/bazardeltornero.com\\\/wp\\\/wp-content\\\/uploads\\\/2025\\\/04\\\/662528435942.png\",\"contentUrl\":\"https:\\\/\\\/bazardeltornero.com\\\/wp\\\/wp-content\\\/uploads\\\/2025\\\/04\\\/662528435942.png\",\"width\":2084,\"height\":2084},{\"@type\":\"BreadcrumbList\",\"@id\":\"https:\\\/\\\/bazardeltornero.com\\\/wp\\\/product\\\/disco-de-desbaste-4-1-2x1-4x7-8\\\/#breadcrumb\",\"itemListElement\":[{\"@type\":\"ListItem\",\"position\":1,\"name\":\"Portada\",\"item\":\"https:\\\/\\\/bazardeltornero.com\\\/wp\\\/\"},{\"@type\":\"ListItem\",\"position\":2,\"name\":\"Tienda\",\"item\":\"https:\\\/\\\/bazardeltornero.com\\\/wp\\\/tienda\\\/\"},{\"@type\":\"ListItem\",\"position\":3,\"name\":\"10 Discos Desbaste 4-1\\\/2&#8243; x 1\\\/4&#8243; x 7\\\/8&#8243; Norton\"}]},{\"@type\":\"WebSite\",\"@id\":\"https:\\\/\\\/bazardeltornero.com\\\/wp\\\/#website\",\"url\":\"https:\\\/\\\/bazardeltornero.com\\\/wp\\\/\",\"name\":\"Bazar del Tornero\",\"description\":\"Herramientas para la Industria Metalmec\u00e1nica\",\"publisher\":{\"@id\":\"https:\\\/\\\/bazardeltornero.com\\\/wp\\\/#organization\"},\"potentialAction\":[{\"@type\":\"SearchAction\",\"target\":{\"@type\":\"EntryPoint\",\"urlTemplate\":\"https:\\\/\\\/bazardeltornero.com\\\/wp\\\/?s={search_term_string}\"},\"query-input\":{\"@type\":\"PropertyValueSpecification\",\"valueRequired\":true,\"valueName\":\"search_term_string\"}}],\"inLanguage\":\"es\"},{\"@type\":\"Organization\",\"@id\":\"https:\\\/\\\/bazardeltornero.com\\\/wp\\\/#organization\",\"name\":\"Bazar del Tornero\",\"url\":\"https:\\\/\\\/bazardeltornero.com\\\/wp\\\/\",\"logo\":{\"@type\":\"ImageObject\",\"inLanguage\":\"es\",\"@id\":\"https:\\\/\\\/bazardeltornero.com\\\/wp\\\/#\\\/schema\\\/logo\\\/image\\\/\",\"url\":\"https:\\\/\\\/bazardeltornero.com\\\/wp\\\/wp-content\\\/uploads\\\/2021\\\/08\\\/cropped-Bazar-del-tornero-Logos-web-Color.png\",\"contentUrl\":\"https:\\\/\\\/bazardeltornero.com\\\/wp\\\/wp-content\\\/uploads\\\/2021\\\/08\\\/cropped-Bazar-del-tornero-Logos-web-Color.png\",\"width\":400,\"height\":134,\"caption\":\"Bazar del Tornero\"},\"image\":{\"@id\":\"https:\\\/\\\/bazardeltornero.com\\\/wp\\\/#\\\/schema\\\/logo\\\/image\\\/\"},\"sameAs\":[\"https:\\\/\\\/www.facebook.com\\\/bazardeltornero\",\"https:\\\/\\\/www.instagram.com\\\/bazardeltornero\\\/\"]}]}<\/script>\n<!-- \/ Yoast SEO plugin. -->","yoast_head_json":{"title":"10 Discos Desbaste 4-1\/2\" x 1\/4\" x 7\/8\" Norton - Herramientas a los mejores precios","robots":{"index":"index","follow":"follow","max-snippet":"max-snippet:-1","max-image-preview":"max-image-preview:large","max-video-preview":"max-video-preview:-1"},"canonical":"https:\/\/bazardeltornero.com\/wp\/product\/disco-de-desbaste-4-1-2x1-4x7-8\/","og_locale":"es_ES","og_type":"article","og_title":"10 Discos Desbaste 4-1\/2\" x 1\/4\" x 7\/8\" Norton - Herramientas a los mejores precios","og_description":"Disco de desbaste de 4-1\/2x1\/4x7\/8\u201d, de tipo 27, abrasivo de \u00f3xido de aluminio","og_url":"https:\/\/bazardeltornero.com\/wp\/product\/disco-de-desbaste-4-1-2x1-4x7-8\/","og_site_name":"Herramientas a los mejores precios","article_publisher":"https:\/\/www.facebook.com\/bazardeltornero","article_modified_time":"2026-04-09T23:17:41+00:00","og_image":[{"width":697,"height":698,"url":"https:\/\/bazardeltornero.com\/wp\/wp-content\/uploads\/2023\/11\/D_NQ_NP_2X_667558-MLM69948788467_062023-F.webp","type":"image\/webp"}],"twitter_card":"summary_large_image","twitter_misc":{"Tiempo de lectura":"1 minuto"},"schema":{"@context":"https:\/\/schema.org","@graph":[{"@type":"WebPage","@id":"https:\/\/bazardeltornero.com\/wp\/product\/disco-de-desbaste-4-1-2x1-4x7-8\/","url":"https:\/\/bazardeltornero.com\/wp\/product\/disco-de-desbaste-4-1-2x1-4x7-8\/","name":"10 Discos Desbaste 4-1\/2\" x 1\/4\" x 7\/8\" Norton - Herramientas a los mejores precios","isPartOf":{"@id":"https:\/\/bazardeltornero.com\/wp\/#website"},"primaryImageOfPage":{"@id":"https:\/\/bazardeltornero.com\/wp\/product\/disco-de-desbaste-4-1-2x1-4x7-8\/#primaryimage"},"image":{"@id":"https:\/\/bazardeltornero.com\/wp\/product\/disco-de-desbaste-4-1-2x1-4x7-8\/#primaryimage"},"thumbnailUrl":"https:\/\/bazardeltornero.com\/wp\/wp-content\/uploads\/2025\/04\/662528435942.png","datePublished":"2023-11-29T15:51:02+00:00","dateModified":"2026-04-09T23:17:41+00:00","breadcrumb":{"@id":"https:\/\/bazardeltornero.com\/wp\/product\/disco-de-desbaste-4-1-2x1-4x7-8\/#breadcrumb"},"inLanguage":"es","potentialAction":[{"@type":"ReadAction","target":["https:\/\/bazardeltornero.com\/wp\/product\/disco-de-desbaste-4-1-2x1-4x7-8\/"]}]},{"@type":"ImageObject","inLanguage":"es","@id":"https:\/\/bazardeltornero.com\/wp\/product\/disco-de-desbaste-4-1-2x1-4x7-8\/#primaryimage","url":"https:\/\/bazardeltornero.com\/wp\/wp-content\/uploads\/2025\/04\/662528435942.png","contentUrl":"https:\/\/bazardeltornero.com\/wp\/wp-content\/uploads\/2025\/04\/662528435942.png","width":2084,"height":2084},{"@type":"BreadcrumbList","@id":"https:\/\/bazardeltornero.com\/wp\/product\/disco-de-desbaste-4-1-2x1-4x7-8\/#breadcrumb","itemListElement":[{"@type":"ListItem","position":1,"name":"Portada","item":"https:\/\/bazardeltornero.com\/wp\/"},{"@type":"ListItem","position":2,"name":"Tienda","item":"https:\/\/bazardeltornero.com\/wp\/tienda\/"},{"@type":"ListItem","position":3,"name":"10 Discos Desbaste 4-1\/2&#8243; x 1\/4&#8243; x 7\/8&#8243; Norton"}]},{"@type":"WebSite","@id":"https:\/\/bazardeltornero.com\/wp\/#website","url":"https:\/\/bazardeltornero.com\/wp\/","name":"Bazar del Tornero","description":"Herramientas para la Industria Metalmec\u00e1nica","publisher":{"@id":"https:\/\/bazardeltornero.com\/wp\/#organization"},"potentialAction":[{"@type":"SearchAction","target":{"@type":"EntryPoint","urlTemplate":"https:\/\/bazardeltornero.com\/wp\/?s={search_term_string}"},"query-input":{"@type":"PropertyValueSpecification","valueRequired":true,"valueName":"search_term_string"}}],"inLanguage":"es"},{"@type":"Organization","@id":"https:\/\/bazardeltornero.com\/wp\/#organization","name":"Bazar del Tornero","url":"https:\/\/bazardeltornero.com\/wp\/","logo":{"@type":"ImageObject","inLanguage":"es","@id":"https:\/\/bazardeltornero.com\/wp\/#\/schema\/logo\/image\/","url":"https:\/\/bazardeltornero.com\/wp\/wp-content\/uploads\/2021\/08\/cropped-Bazar-del-tornero-Logos-web-Color.png","contentUrl":"https:\/\/bazardeltornero.com\/wp\/wp-content\/uploads\/2021\/08\/cropped-Bazar-del-tornero-Logos-web-Color.png","width":400,"height":134,"caption":"Bazar del Tornero"},"image":{"@id":"https:\/\/bazardeltornero.com\/wp\/#\/schema\/logo\/image\/"},"sameAs":["https:\/\/www.facebook.com\/bazardeltornero","https:\/\/www.instagram.com\/bazardeltornero\/"]}]}},"_links":{"self":[{"href":"https:\/\/bazardeltornero.com\/wp\/wp-json\/wp\/v2\/product\/11215","targetHints":{"allow":["GET"]}}],"collection":[{"href":"https:\/\/bazardeltornero.com\/wp\/wp-json\/wp\/v2\/product"}],"about":[{"href":"https:\/\/bazardeltornero.com\/wp\/wp-json\/wp\/v2\/types\/product"}],"replies":[{"embeddable":true,"href":"https:\/\/bazardeltornero.com\/wp\/wp-json\/wp\/v2\/comments?post=11215"}],"wp:featuredmedia":[{"embeddable":true,"href":"https:\/\/bazardeltornero.com\/wp\/wp-json\/wp\/v2\/media\/13671"}],"wp:attachment":[{"href":"https:\/\/bazardeltornero.com\/wp\/wp-json\/wp\/v2\/media?parent=11215"}],"wp:term":[{"taxonomy":"product_brand","embeddable":true,"href":"https:\/\/bazardeltornero.com\/wp\/wp-json\/wp\/v2\/product_brand?post=11215"},{"taxonomy":"product_cat","embeddable":true,"href":"https:\/\/bazardeltornero.com\/wp\/wp-json\/wp\/v2\/product_cat?post=11215"},{"taxonomy":"product_tag","embeddable":true,"href":"https:\/\/bazardeltornero.com\/wp\/wp-json\/wp\/v2\/product_tag?post=11215"}],"curies":[{"name":"wp","href":"https:\/\/api.w.org\/{rel}","templated":true}]}}